{"id":906,"date":"2019-07-30T08:40:57","date_gmt":"2019-07-30T08:40:57","guid":{"rendered":"https:\/\/drsasostoev.com\/?page_id=906"},"modified":"2019-08-09T09:19:10","modified_gmt":"2019-08-09T09:19:10","slug":"%d1%83%d1%81%d0%bb%d1%83%d0%b3%d0%b8","status":"publish","type":"page","link":"https:\/\/drsasostoev.com\/?page_id=906&lang=mk","title":{"rendered":"\u0423\u0441\u043b\u0443\u0433\u0438"},"content":{"rendered":"<p>[vc_row full_width=&#8221;stretch_row_content_no_spaces&#8221;][vc_column]<div class=\"banner-area banner-5a1eb939d5268\"><div class=\"banner  fixed-height\" style=\"height: 340px;\"><div class=\"item banner-item-69f5f203ca554 black content-align-left middle\" style=\"background-image: url(https:\/\/drsasostoev.com\/wp-content\/uploads\/2019\/07\/background2.jpg);\"><div class=\"container\"><div class=\"cell\"><h1 class=\"h\">\u041d\u0430\u0448\u0438\u0442\u0435 \u0443\u0441\u043b\u0443\u0433\u0438<\/h1><div class=\"text\">\u041f\u0417\u0423 \u0421\u0442\u043e\u043c\u0430\u0442\u043e\u043b\u043e\u0448\u043a\u0430 \u041e\u0440\u0434\u0438\u043d\u0430\u0446\u0438\u0458\u0430 \u201e\u0414-\u0440 \u0421\u0430\u0448\u043e \u0421\u0442\u043e\u0435\u0432\u201c<\/div><div class=\"link-area\"><a href=\"http:\/\/drsasostoev.com\/wp\/mk\/%d0%ba%d0%be%d0%bd%d1%82%d0%b0%d0%ba%d1%82\/\" class=\"button-style1 link1\" title=\"\u041a\u043e\u043d\u0442\u0430\u043a\u0442\" target=\"_self\">\u0417\u0430\u043a\u0430\u0436\u0438 \u043f\u0440\u0435\u0433\u043b\u0435\u0434<\/a><\/div><\/div><\/div><\/div><\/div><\/div>[\/vc_column][\/vc_row][vc_row css_animation=&#8221;fadeInUp&#8221; css=&#8221;.vc_custom_1512139618399{padding-top: 30px !important;}&#8221;][vc_column][vc_custom_heading text=&#8221;\u041d\u0430\u0448\u0438\u0442\u0435 \u0423\u0441\u043b\u0443\u0433\u0438&#8221; font_container=&#8221;tag:h3|text_align:center&#8221; use_theme_fonts=&#8221;yes&#8221; decor_line=&#8221;on&#8221;]<div class=\"icon-box-items-type2 row style1\"><div class=\"icon-box-item-wrap-type2 col-xs-12 col-sm-6 col-md-3\"><div class=\"icon-box-item-type2 icon-box-69f5f203cbaac\"><div class=\"icon\"><i class=\"health-care-icon-set-tooth-2\"><\/i><\/div><h6 class=\"h\">\u041f\u0440\u0435\u0433\u043b\u0435\u0434\u0438 \u0438 \u043a\u043e\u043d\u0441\u0443\u043b\u0442\u0430\u0446\u0438\u0438<\/h6><\/div><\/div><div class=\"icon-box-item-wrap-type2 col-xs-12 col-sm-6 col-md-3\"><div class=\"icon-box-item-type2 icon-box-69f5f203cbb1b\"><div class=\"icon\"><i class=\"fa fa-check-square-o\"><\/i><\/div><h6 class=\"h\">\u041f\u043b\u0430\u043d \u043d\u0430 \u0442\u0435\u0440\u0430\u043f\u0438\u0458\u0430<\/h6><\/div><\/div><div class=\"icon-box-item-wrap-type2 col-xs-12 col-sm-6 col-md-3\"><div class=\"icon-box-item-type2 icon-box-69f5f203cbb68\"><div class=\"icon\"><i class=\"health-care-icon-set-medical-records\"><\/i><\/div><h6 class=\"h\">\u0421\u043e\u0432\u0435\u0442\u0438 \u0438 \u043f\u0440\u0435\u043f\u043e\u0440\u0430\u043a\u0438<\/h6><\/div><\/div><div class=\"icon-box-item-wrap-type2 col-xs-12 col-sm-6 col-md-3\"><div class=\"icon-box-item-type2 icon-box-69f5f203cbb8c\"><div class=\"icon\"><i class=\"fa fa-medkit\"><\/i><\/div><h6 class=\"h\">\u0415\u043d\u0434\u043e\u0434\u043e\u043d\u0442\u0441\u043a\u043e \u043b\u0435\u0447\u0435\u045a\u0435<\/h6><\/div><\/div><div class=\"icon-box-item-wrap-type2 col-xs-12 col-sm-6 col-md-3\"><div class=\"icon-box-item-type2 icon-box-69f5f203cbbb6\"><div class=\"icon\"><i class=\"health-care-icon-set-tooth-1\"><\/i><\/div><h6 class=\"h\">\u041f\u043b\u043e\u043c\u0431\u0438\u0440\u0430\u045a\u0435<\/h6><\/div><\/div><div class=\"icon-box-item-wrap-type2 col-xs-12 col-sm-6 col-md-3\"><div class=\"icon-box-item-type2 icon-box-69f5f203cbbe8\"><div class=\"icon\"><i class=\"medical-set-teeth-10\"><\/i><\/div><h6 class=\"h\">\u0427\u0438\u0441\u0442\u0435\u045a\u0435 \u0437\u0430\u0431\u0435\u043d \u043a\u0430\u043c\u0435\u043d \u0438 \u043d\u0430\u0441\u043b\u0430\u0433\u0438<\/h6><\/div><\/div><div class=\"icon-box-item-wrap-type2 col-xs-12 col-sm-6 col-md-3\"><div class=\"icon-box-item-type2 icon-box-69f5f203cbc10\"><div class=\"icon\"><i class=\"bold-outline-medical-elements-tooth\"><\/i><\/div><h6 class=\"h\">\u0415\u043a\u0441\u0442\u0440\u0430\u043a\u0446\u0438\u0458\u0430 \u043d\u0430 \u0437\u0430\u0431\u0438<\/h6><\/div><\/div><div class=\"icon-box-item-wrap-type2 col-xs-12 col-sm-6 col-md-3\"><div class=\"icon-box-item-type2 icon-box-69f5f203cbc33\"><div class=\"icon\"><i class=\"fa fa-bolt\"><\/i><\/div><h6 class=\"h\">\u041b\u0430\u0441\u0435\u0440 \u0442\u0435\u0440\u0430\u043f\u0438\u0458\u0430 \u043d\u0430 \u043c\u0435\u043a\u0438 \u0442\u043a\u0438\u0432\u0430<\/h6><\/div><\/div><div class=\"icon-box-item-wrap-type2 col-xs-12 col-sm-6 col-md-3\"><div class=\"icon-box-item-type2 icon-box-69f5f203cbc7a\"><div class=\"icon\"><i class=\"medical-set-teeth\"><\/i><\/div><h6 class=\"h\">\u0422\u043e\u0442\u0430\u043b\u043d\u0430 \u0438 \u043f\u0430\u0440\u0446\u0438\u0458\u0430\u043b\u043d\u0430 \u043f\u0440\u043e\u0442\u0435\u0437\u0430<\/h6><\/div><\/div><div class=\"icon-box-item-wrap-type2 col-xs-12 col-sm-6 col-md-3\"><div class=\"icon-box-item-type2 icon-box-69f5f203cbcc4\"><div class=\"icon\"><i class=\"medical-set-teeth-2\"><\/i><\/div><h6 class=\"h\">\u0412\u0438\u0437\u0438\u043b \u043f\u0440\u043e\u0442\u0435\u0437\u0438<\/h6><\/div><\/div><div class=\"icon-box-item-wrap-type2 col-xs-12 col-sm-6 col-md-3\"><div class=\"icon-box-item-type2 icon-box-69f5f203cbcf1\"><div class=\"icon\"><i class=\"medical-set-teeth-9\"><\/i><\/div><h6 class=\"h\">\u041c\u0435\u0442\u0430\u043b\u043d\u0438 \u0438 \u043d\u0435\u043c\u0435\u0442\u0430\u043b\u043d\u0438 \u043a\u043e\u0440\u043e\u043d\u043a\u0438 \u0438 \u043c\u043e\u0441\u0442\u043e\u0432\u0438<\/h6><\/div><\/div><div class=\"icon-box-item-wrap-type2 col-xs-12 col-sm-6 col-md-3\"><div class=\"icon-box-item-type2 icon-box-69f5f203cbd2e\"><div class=\"icon\"><i class=\"health-care-icon-set-tooth-3\"><\/i><\/div><h6 class=\"h\">\u0415\u0441\u0442\u0435\u0442\u0441\u043a\u0430 \u0438 \u043f\u0440\u0435\u0432\u0435\u043d\u0442\u0438\u0432\u043d\u0430 \u0441\u0442\u043e\u043c\u0430\u0442\u043e\u043b\u043e\u0433\u0438\u0458\u0430<\/h6><\/div><\/div><\/div>[\/vc_column][\/vc_row][vc_row css_animation=&#8221;fadeIn&#8221;][vc_column][vc_custom_heading text=&#8221;\u041d\u0430\u0448\u0438\u0442\u0435 \u043f\u0430\u0446\u0438\u0435\u043d\u0442\u0438 \u0437\u0430 \u043d\u0430\u0441:&#8221; font_container=&#8221;tag:h3|text_align:left&#8221; use_theme_fonts=&#8221;yes&#8221; decor_line=&#8221;on&#8221;]<div class=\"testimonials row testimonials-5a1695dc92125\"><div class=\"testimonial-item\"><div class=\"top\"><div class=\"image\"><div style=\"background-image: url(https:\/\/drsasostoev.com\/wp-content\/uploads\/2019\/07\/p1.jpg)\"><\/div><\/div><div class=\"title\"><div class=\"cell\"><div class=\"h\">\u041c\u0430\u043d\u043e\u043b\u0435\u0432\u0430 \u0413\u043e\u0440\u0434\u0430\u043d\u0430<\/div><div class=\"post\">\u0422\u0435\u0445\u043d\u043e\u043b\u043e\u0433<\/div><\/div><\/div><\/div><div class=\"text\">\u0421\u0430\u043c\u043e \u0434\u043e\u0431\u0440\u0438 \u0437\u0431\u043e\u0440\u043e\u0432\u0438 \u0437\u0430 \u0443\u0441\u043b\u0443\u0433\u0438\u0442\u0435 \u0438 \u043f\u0435\u0440\u0441\u043e\u043d\u0430\u043b\u043e\u0442. \u041e\u0434 \u0459\u0443\u0431\u0435\u0437\u043d\u0438\u043e\u0442 \u043f\u0440\u0438\u0435\u043c, \u0434\u043e \u043f\u0440\u0435\u0433\u043b\u0435\u0434\u043e\u0442 \u0438 \u0446\u0435\u043b\u043e\u043a\u0443\u043f\u043d\u0430\u0442\u0430 \u043f\u043e\u0441\u0432\u0435\u0442\u0435\u043d\u043e\u0441\u0442 \u043d\u0430 \u0441\u0438\u0442\u0435 \u0432\u0440\u0430\u0431\u043e\u0442\u0435\u043d\u0438 \u043a\u043e\u043d \u0434\u043e\u0431\u0438\u0432\u0430\u045a\u0435 \u043d\u0430 \u0446\u0435\u043b\u043e\u0441\u0435\u043d \u0442\u0440\u0435\u0442\u043c\u0430\u043d \u0438 \u0443\u0441\u043f\u0435\u0448\u0435\u043d \u0440\u0435\u0437\u0443\u043b\u0442\u0430\u0442. \u0417\u0430\u0434\u043e\u0432\u043e\u043b\u043d\u0430 \u0441\u0443\u043c \u043e\u0434 \u0441\u043e\u0432\u0435\u0442\u0438\u0442\u0435 \u043a\u043e\u0438 \u0433\u0438 \u0434\u043e\u0431\u0438\u0432\u0430\u043c \u0437\u0430 \u0442\u0440\u0435\u0442\u043c\u0430\u043d\u0438\u0442\u0435 \u0438 \u043f\u0440\u0435\u0432\u0435\u043d\u0442\u0438\u0432\u0438\u0442\u0435 \u0438 \u043d\u0438\u0432\u043d\u0430\u0442\u0430 \u043f\u043e\u0441\u0432\u0435\u0442\u0435\u043d\u043e\u0441\u0442 \u0437\u0430 \u043d\u0430\u0448\u0435\u0442\u043e \u043e\u0440\u0430\u043b\u043d\u043e \u0437\u0434\u0440\u0430\u0432\u0458\u0435.<br \/>\n\u0411\u043b\u0430\u0433\u043e\u0434\u0430\u0440\u0430\u043c \u043c\u043d\u043e\u0433\u0443!<\/div><\/div><div class=\"testimonial-item\"><div class=\"top\"><div class=\"image\"><div style=\"background-image: url(https:\/\/drsasostoev.com\/wp-content\/uploads\/2019\/07\/p2.jpg)\"><\/div><\/div><div class=\"title\"><div class=\"cell\"><div class=\"h\">Aljosa Rizner<\/div><div class=\"post\">\u0431\u0440\u043e\u043a\u0435\u0440 (\u0421\u043b\u043e\u0432\u0435\u043d\u0438\u0458\u0430)<\/div><\/div><\/div><\/div><div class=\"text\">Na stomatolo\u0161ko ordinacijo D-r Sa\u0161o Stoev me \u0161e danes ve\u017eejo lepi spomini. Pomo\u010d sem potreboval v \u010dasu svojega dopustovanja. Priznam, da sem bil sprva malce v dvomih. A skrb je bila odve\u010d. Odli\u010dnost, strokovnost, prijaznost.Besede, ki povedo vse o ordinaciji in njenem osebju.<\/div><\/div><div class=\"testimonial-item\"><div class=\"top\"><div class=\"image\"><div style=\"background-image: url(https:\/\/drsasostoev.com\/wp-content\/uploads\/2019\/07\/p3.jpg)\"><\/div><\/div><div class=\"title\"><div class=\"cell\"><div class=\"h\">Michael Close<\/div><div class=\"post\">artist (Canada)<\/div><\/div><\/div><\/div><div class=\"text\">Art and dentistry have a common goal to make people happy. We experienced that during one of our visits in Ohrid, Macedonia. We were lucky to visit dental center ``D-r Sasho Stoev`` . We were very impressed: wonderful modern space decorated with nice colors and the best feeling was when we were greeted by D-r Sasho who welcomed us from the heart and professionally and that is the way he did the treatments for which we were there with the family, from the heart and professionally! With wonderful people to a great smile!<\/div><\/div><div class=\"testimonial-item\"><div class=\"top\"><div class=\"image\"><div style=\"background-image: url(https:\/\/drsasostoev.com\/wp-content\/uploads\/2019\/07\/p4.jpg)\"><\/div><\/div><div class=\"title\"><div class=\"cell\"><div class=\"h\">Aleksandra Dzamtoska<\/div><div class=\"post\">coach of a handball team Metalurg Ohrid<\/div><\/div><\/div><\/div><div class=\"text\">For more than two years me and my husband are patients in the dental center ``D-r Sahso Stoev`` and we are more than satisfied from the quality and the relationship with the staff. We are so grateful to D-r Sasho Stoev because with his help we are finally overcome the fear of dentists \ud83d\ude42<br \/>\nWe wish long years of successful work and pleased patients!<\/div><\/div><\/div>[\/vc_column][\/vc_row][vc_row full_width=&#8221;stretch_row_content&#8221; parallax=&#8221;content-moving&#8221; parallax_image=&#8221;722&#8243; parallax_speed_bg=&#8221;2&#8243; background_position=&#8221;center center&#8221; css=&#8221;.vc_custom_1563452377223{padding-top: 25px !important;}&#8221;][vc_column][vc_custom_heading text=&#8221;\u0417\u0430\u043a\u0430\u0436\u0435\u0442\u0435 \u043f\u0440\u0435\u0433\u043b\u0435\u0434&#8221; font_container=&#8221;tag:h3|text_align:left|color:%23ffffff&#8221; use_theme_fonts=&#8221;yes&#8221; css_animation=&#8221;fadeInLeft&#8221; decor_line=&#8221;on&#8221;][vc_column_text css_animation=&#8221;fadeInLeft&#8221;]\n<div class=\"wpcf7 no-js\" id=\"wpcf7-f928-o1\" lang=\"en-US\" dir=\"ltr\">\n<div class=\"screen-reader-response\"><p role=\"status\" aria-live=\"polite\" aria-atomic=\"true\"><\/p> <ul><\/ul><\/div>\n<form action=\"\/index.php?rest_route=%2Fwp%2Fv2%2Fpages%2F906#wpcf7-f928-o1\" method=\"post\" class=\"wpcf7-form init\" aria-label=\"Contact form\" novalidate=\"novalidate\" data-status=\"init\">\n<div style=\"display: none;\">\n<input type=\"hidden\" name=\"_wpcf7\" value=\"928\" \/>\n<input type=\"hidden\" name=\"_wpcf7_version\" value=\"5.7.4\" \/>\n<input type=\"hidden\" name=\"_wpcf7_locale\" value=\"en_US\" \/>\n<input type=\"hidden\" name=\"_wpcf7_unit_tag\" value=\"wpcf7-f928-o1\" \/>\n<input type=\"hidden\" name=\"_wpcf7_container_post\" value=\"0\" \/>\n<input type=\"hidden\" name=\"_wpcf7_posted_data_hash\" value=\"\" \/>\n<input type=\"hidden\" name=\"_wpcf7_recaptcha_response\" value=\"\" \/>\n<\/div>\n<div class=\"form-b row\">\n\t<div class=\"col-xs-12 col-sm-6 col-md-4\">\n\t\t<p><span class=\"wpcf7-form-control-wrap\" data-name=\"f-name\"><input size=\"40\" class=\"wpcf7-form-control wpcf7-text style1\" aria-invalid=\"false\" placeholder=\"\u0418\u043c\u0435\" value=\"\" type=\"text\" name=\"f-name\" \/><\/span><span class=\"wpcf7-form-control-wrap\" data-name=\"f-phone\"><input size=\"40\" class=\"wpcf7-form-control wpcf7-text style1\" aria-invalid=\"false\" placeholder=\"\u0422\u0435\u043b\u0435\u0444\u043e\u043d\" value=\"\" type=\"text\" name=\"f-phone\" \/><\/span>\n\t\t<\/p>\n\t<\/div>\n\t<div class=\"col-xs-12 col-sm-6 col-md-4\">\n\t\t<p><span class=\"wpcf7-form-control-wrap\" data-name=\"f-mail\"><input size=\"40\" class=\"wpcf7-form-control wpcf7-text style1\" aria-invalid=\"false\" placeholder=\"E-Mail\" value=\"\" type=\"text\" name=\"f-mail\" \/><\/span><span class=\"wpcf7-form-control-wrap\" data-name=\"f-date\"><input size=\"40\" class=\"wpcf7-form-control wpcf7-text style1 date\" aria-invalid=\"false\" placeholder=\"\u0414\u0430\u0442\u0443\u043c\" value=\"\" type=\"text\" name=\"f-date\" \/><\/span>\n\t\t<\/p>\n\t<\/div>\n\t<div class=\"col-xs-12 col-md-4\">\n\t\t<p><span class=\"wpcf7-form-control-wrap\" data-name=\"f-text\"><textarea cols=\"40\" rows=\"5\" class=\"wpcf7-form-control wpcf7-textarea style1\" aria-invalid=\"false\" placeholder=\"\u041f\u043e\u0440\u0430\u043a\u0430\" name=\"f-text\"><\/textarea><\/span><input class=\"wpcf7-form-control has-spinner wpcf7-submit button-style1\" type=\"submit\" value=\"\u0417\u0430\u043a\u0430\u0436\u0438 \u043f\u0440\u0435\u0433\u043b\u0435\u0434\" \/>\n\t\t<\/p>\n\t<\/div>\n<\/div><div class=\"wpcf7-response-output\" aria-hidden=\"true\"><\/div>\n<\/form>\n<\/div>\n[\/vc_column_text][\/vc_column][\/vc_row][vc_row full_width=&#8221;stretch_row_content_no_spaces&#8221; css=&#8221;.vc_custom_1511436651771{padding-top: 0px !important;padding-bottom: 0px !important;background-color: #51c2cd !important;}&#8221; custom_text_color=&#8221;#ffffff&#8221;][vc_column css=&#8221;.vc_custom_1519116460690{padding-top: 20px !important;}&#8221;][vc_icon icon_fontawesome=&#8221;bold-outline-medical-elements-ambulance&#8221; color=&#8221;white&#8221; css_animation=&#8221;fadeInLeft&#8221; size=&#8221;lg&#8221; align=&#8221;center&#8221; css=&#8221;.vc_custom_1519116454307{margin-bottom: -10px !important;}&#8221;][vc_column_text css_animation=&#8221;fadeInRight&#8221; css=&#8221;.vc_custom_1565177373935{margin-bottom: 20px !important;}&#8221;]<\/p>\n<p style=\"text-align: center; margin-bottom: 0;\"><span style=\"font-size: 16px; font-weight: 600;\">\u0417\u0430\u043a\u0430\u0436\u0435\u0442\u0435 \u0433\u043e \u0412\u0430\u0448\u0438\u043e\u0442 \u0442\u0435\u0440\u043c\u0438\u043d \u043d\u0430<\/span><\/p>\n<p style=\"text-align: center; margin-top: 0;\"><span style=\"font-weight: 500; font-size: 36px;\">+389-70-307-262<\/span><\/p>\n<p>[\/vc_column_text][\/vc_column][\/vc_row]<\/p>\n","protected":false},"excerpt":{"rendered":"<p>[vc_row full_width=&#8221;stretch_row_content_no_spaces&#8221;][vc_column][\/vc_column][\/vc_row][vc_row css_animation=&#8221;fadeInUp&#8221; css=&#8221;.vc_custom_1512139618399{padding-top: 30px !important;}&#8221;][vc_column][vc_custom_heading text=&#8221;\u041d\u0430\u0448\u0438\u0442\u0435 \u0423\u0441\u043b\u0443\u0433\u0438&#8221; font_container=&#8221;tag:h3|text_align:center&#8221; use_theme_fonts=&#8221;yes&#8221; decor_line=&#8221;on&#8221;][\/vc_column][\/vc_row][vc_row css_animation=&#8221;fadeIn&#8221;][vc_column][vc_custom_heading text=&#8221;\u041d\u0430\u0448\u0438\u0442\u0435 \u043f\u0430\u0446\u0438\u0435\u043d\u0442\u0438 \u0437\u0430 \u043d\u0430\u0441:&#8221; font_container=&#8221;tag:h3|text_align:left&#8221; use_theme_fonts=&#8221;yes&#8221; decor_line=&#8221;on&#8221;][\/vc_column][\/vc_row][vc_row full_width=&#8221;stretch_row_content&#8221; parallax=&#8221;content-moving&#8221; parallax_image=&#8221;722&#8243; parallax_speed_bg=&#8221;2&#8243; background_position=&#8221;center center&#8221; css=&#8221;.vc_custom_1563452377223{padding-top: 25px !important;}&#8221;][vc_column][vc_custom_heading text=&#8221;\u0417\u0430\u043a\u0430\u0436\u0435\u0442\u0435 \u043f\u0440\u0435\u0433\u043b\u0435\u0434&#8221; font_container=&#8221;tag:h3|text_align:left|color:%23ffffff&#8221; use_theme_fonts=&#8221;yes&#8221; css_animation=&#8221;fadeInLeft&#8221; decor_line=&#8221;on&#8221;][vc_column_text css_animation=&#8221;fadeInLeft&#8221;][\/vc_column_text][\/vc_column][\/vc_row][vc_row full_width=&#8221;stretch_row_content_no_spaces&#8221; css=&#8221;.vc_custom_1511436651771{padding-top: 0px !important;padding-bottom: 0px !important;background-color: #51c2cd !important;}&#8221; custom_text_color=&#8221;#ffffff&#8221;][vc_column css=&#8221;.vc_custom_1519116460690{padding-top: 20px !important;}&#8221;][vc_icon icon_fontawesome=&#8221;bold-outline-medical-elements-ambulance&#8221; color=&#8221;white&#8221; css_animation=&#8221;fadeInLeft&#8221; size=&#8221;lg&#8221; align=&#8221;center&#8221; css=&#8221;.vc_custom_1519116454307{margin-bottom: -10px !important;}&#8221;][vc_column_text [&hellip;]<\/p>\n","protected":false},"author":2,"featured_media":0,"parent":0,"menu_order":0,"comment_status":"closed","ping_status":"closed","template":"template-landing.php","meta":[],"acf":[],"_links":{"self":[{"href":"https:\/\/drsasostoev.com\/index.php?rest_route=\/wp\/v2\/pages\/906"}],"collection":[{"href":"https:\/\/drsasostoev.com\/index.php?rest_route=\/wp\/v2\/pages"}],"about":[{"href":"https:\/\/drsasostoev.com\/index.php?rest_route=\/wp\/v2\/types\/page"}],"author":[{"embeddable":true,"href":"https:\/\/drsasostoev.com\/index.php?rest_route=\/wp\/v2\/users\/2"}],"replies":[{"embeddable":true,"href":"https:\/\/drsasostoev.com\/index.php?rest_route=%2Fwp%2Fv2%2Fcomments&post=906"}],"version-history":[{"count":13,"href":"https:\/\/drsasostoev.com\/index.php?rest_route=\/wp\/v2\/pages\/906\/revisions"}],"predecessor-version":[{"id":1203,"href":"https:\/\/drsasostoev.com\/index.php?rest_route=\/wp\/v2\/pages\/906\/revisions\/1203"}],"wp:attachment":[{"href":"https:\/\/drsasostoev.com\/index.php?rest_route=%2Fwp%2Fv2%2Fmedia&parent=906"}],"curies":[{"name":"wp","href":"https:\/\/api.w.org\/{rel}","templated":true}]}}