{"id":166,"date":"2017-11-22T14:12:37","date_gmt":"2017-11-22T14:12:37","guid":{"rendered":"https:\/\/drsasostoev.com\/?page_id=166"},"modified":"2019-08-09T11:06:51","modified_gmt":"2019-08-09T11:06:51","slug":"doctor-personal","status":"publish","type":"page","link":"https:\/\/drsasostoev.com\/","title":{"rendered":"Doctor personal"},"content":{"rendered":"<p>[vc_row full_width=&#8221;stretch_row_content_no_spaces&#8221;][vc_column]<div class=\"banner-area banner-5a158451873b8\"><div class=\"banner \" style=\"\"><div class=\"item banner-item-69f5d82c51880 black content-align-left middle\" style=\"background-image: url(https:\/\/drsasostoev.com\/wp-content\/uploads\/2019\/07\/slide-3.jpg);\"><div class=\"container\"><div class=\"cell\"><h1 class=\"h\"><i>Friend of Your<br \/>\nOral Health!<\/i><\/h1><div class=\"text\">D-r Sasho Stoev<\/div><div class=\"link-area\"><a href=\"http:\/\/drsasostoev.com\/wp\/contacts\/\" class=\"button-style1 link1\" title=\"Contacts\" target=\"_self\">make an appointment<\/a><\/div><\/div><\/div><\/div><\/div><\/div>[\/vc_column][\/vc_row][vc_row css_animation=&#8221;none&#8221;][vc_column]<div class=\"icon-box-items row style2 prev-layer\"><div class=\"icon-box-item-wrap col-xs-12 col-sm-6 col-md-4\"><div class=\"icon-box-item icon-box-69f5d82c51d52\"><div class=\"top\"><i class=\"free-basic-ui-elements-placeholder\"><\/i><div><div class=\"cell\">Contact Details<\/div><\/div><\/div><div class=\"wrap\"><div class=\"text\">street ``Nikola Karev`` nn Trudbenik Mall, Ohrid (ground floor)<\/div><a href=\"https:\/\/goo.gl\/maps\/NDuDG4tbUeuFKRvu6\" target=\" _blank\" class=\"link\">Get Directions<\/a><i class=\"s-icon free-basic-ui-elements-placeholder\"><\/i><\/div><\/div><\/div><div class=\"icon-box-item-wrap col-xs-12 col-sm-6 col-md-4\"><div class=\"icon-box-item icon-box-69f5d82c51de4\"><div class=\"top\"><i class=\"fa fa-phone\"><\/i><div><div class=\"cell\">Make an Appointment<\/div><\/div><\/div><div class=\"wrap\"><div class=\"text\">For any oral health problem that You have , make an appointment at:<\/div><a href=\"tel:+38970307262\" target=\" _blank\" class=\"link\">+389-70-307-262<\/a><i class=\"s-icon fa fa-phone\"><\/i><\/div><\/div><\/div><div class=\"icon-box-item-wrap col-xs-12 col-sm-6 col-md-4\"><div class=\"icon-box-item icon-box-69f5d82c51e80\"><div class=\"top\"><i class=\"fa fa-clock-o\"><\/i><div><div class=\"cell\">Opening Hour<\/div><\/div><\/div><div class=\"wrap\"><div class=\"time\"><div class=\"o-row\">Mon - Fri <span>8:00 - 16:00<\/span><br \/><\/div><div class=\"o-row\">Mon - Fri <span>17:00 - 19:00<\/span><\/div><\/div><i class=\"s-icon fa fa-clock-o\"><\/i><\/div><\/div><\/div><\/div>[\/vc_column][\/vc_row][vc_row css_animation=&#8221;fadeInRight&#8221; css=&#8221;.vc_custom_1512138730715{padding-top: 40px !important;}&#8221;][vc_column css_animation=&#8221;fadeInLeft&#8221; width=&#8221;1\/3&#8243;][vc_column_text]<img decoding=\"async\" loading=\"lazy\" class=\"alignnone wp-image-680 size-full\" src=\"https:\/\/drsasostoev.com-content\/uploads\/2019\/07\/dr-saso.jpg\" alt=\"\" width=\"698\" height=\"838\" srcset=\"https:\/\/drsasostoev.com\/wp-content\/uploads\/2019\/07\/dr-saso.jpg 698w, https:\/\/drsasostoev.com\/wp-content\/uploads\/2019\/07\/dr-saso-250x300.jpg 250w, https:\/\/drsasostoev.com\/wp-content\/uploads\/2019\/07\/dr-saso-640x768.jpg 640w\" sizes=\"(max-width: 698px) 100vw, 698px\" \/>[\/vc_column_text][\/vc_column][vc_column width=&#8221;2\/3&#8243;][vc_custom_heading text=&#8221;Dental center D-r Sasho Stoev&#8221; font_container=&#8221;tag:h2|text_align:left|line_height:1.167em&#8221; use_theme_fonts=&#8221;yes&#8221; decor_line=&#8221;on&#8221;][vc_column_text css=&#8221;.vc_custom_1565343667459{margin-bottom: 0px !important;}&#8221;]We are a caring, compassionate team who always put our patients\u2019 best interests first. When you enter our practice, you will receive a warm welcome and can feel at ease in our relaxing atmosphere.[\/vc_column_text][vc_row_inner][vc_column_inner width=&#8221;1\/2&#8243;][vc_column_text css=&#8221;.vc_custom_1564566626211{margin-bottom: 0px !important;}&#8221;]<\/p>\n<ul>\n<li>Dental check-ups and consultations<\/li>\n<li>Giving advice about proper oral health<\/li>\n<li>Bonding<\/li>\n<li>Endodontic therapy<\/li>\n<li>Teeth filling<\/li>\n<li>Plaque &amp; tartar cleaning<\/li>\n<\/ul>\n<p>[\/vc_column_text][\/vc_column_inner][vc_column_inner width=&#8221;1\/2&#8243;][vc_column_text css=&#8221;.vc_custom_1565343615943{margin-bottom: 0px !important;}&#8221;]<\/p>\n<ul>\n<li>Teeth extraction<\/li>\n<li>Laser therapy of soft tissues<\/li>\n<li>Total and partial prosthesis<\/li>\n<li>Vizil prosthesis<\/li>\n<li>Metal and non-metal crowns and bridges<\/li>\n<li>Aesthetic dentistry<\/li>\n<\/ul>\n<p>[\/vc_column_text][\/vc_column_inner][\/vc_row_inner][\/vc_column][\/vc_row][vc_row css_animation=&#8221;fadeIn&#8221;][vc_column][vc_custom_heading text=&#8221;Our Patients Reviews&#8221; font_container=&#8221;tag:h3|text_align:left&#8221; use_theme_fonts=&#8221;yes&#8221; decor_line=&#8221;on&#8221;]<div class=\"testimonials row testimonials-5a1695dc92125\"><div class=\"testimonial-item\"><div class=\"top\"><div class=\"image\"><div style=\"background-image: url(https:\/\/drsasostoev.com\/wp-content\/uploads\/2019\/07\/p1.jpg)\"><\/div><\/div><div class=\"title\"><div class=\"cell\"><div class=\"h\">\u041c\u0430\u043d\u043e\u043b\u0435\u0432\u0430 \u0413\u043e\u0440\u0434\u0430\u043d\u0430<\/div><div class=\"post\">\u0422\u0435\u0445\u043d\u043e\u043b\u043e\u0433<\/div><\/div><\/div><\/div><div class=\"text\">\u0421\u0430\u043c\u043e \u0434\u043e\u0431\u0440\u0438 \u0437\u0431\u043e\u0440\u043e\u0432\u0438 \u0437\u0430 \u0443\u0441\u043b\u0443\u0433\u0438\u0442\u0435 \u0438 \u043f\u0435\u0440\u0441\u043e\u043d\u0430\u043b\u043e\u0442. \u041e\u0434 \u0459\u0443\u0431\u0435\u0437\u043d\u0438\u043e\u0442 \u043f\u0440\u0438\u0435\u043c, \u0434\u043e \u043f\u0440\u0435\u0433\u043b\u0435\u0434\u043e\u0442 \u0438 \u0446\u0435\u043b\u043e\u043a\u0443\u043f\u043d\u0430\u0442\u0430 \u043f\u043e\u0441\u0432\u0435\u0442\u0435\u043d\u043e\u0441\u0442 \u043d\u0430 \u0441\u0438\u0442\u0435 \u0432\u0440\u0430\u0431\u043e\u0442\u0435\u043d\u0438 \u043a\u043e\u043d \u0434\u043e\u0431\u0438\u0432\u0430\u045a\u0435 \u043d\u0430 \u0446\u0435\u043b\u043e\u0441\u0435\u043d \u0442\u0440\u0435\u0442\u043c\u0430\u043d \u0438 \u0443\u0441\u043f\u0435\u0448\u0435\u043d \u0440\u0435\u0437\u0443\u043b\u0442\u0430\u0442. \u0417\u0430\u0434\u043e\u0432\u043e\u043b\u043d\u0430 \u0441\u0443\u043c \u043e\u0434 \u0441\u043e\u0432\u0435\u0442\u0438\u0442\u0435 \u043a\u043e\u0438 \u0433\u0438 \u0434\u043e\u0431\u0438\u0432\u0430\u043c \u0437\u0430 \u0442\u0440\u0435\u0442\u043c\u0430\u043d\u0438\u0442\u0435 \u0438 \u043f\u0440\u0435\u0432\u0435\u043d\u0442\u0438\u0432\u0438\u0442\u0435 \u0438 \u043d\u0438\u0432\u043d\u0430\u0442\u0430 \u043f\u043e\u0441\u0432\u0435\u0442\u0435\u043d\u043e\u0441\u0442 \u0437\u0430 \u043d\u0430\u0448\u0435\u0442\u043e \u043e\u0440\u0430\u043b\u043d\u043e \u0437\u0434\u0440\u0430\u0432\u0458\u0435.<br \/>\n\u0411\u043b\u0430\u0433\u043e\u0434\u0430\u0440\u0430\u043c \u043c\u043d\u043e\u0433\u0443!<\/div><\/div><div class=\"testimonial-item\"><div class=\"top\"><div class=\"image\"><div style=\"background-image: url(https:\/\/drsasostoev.com\/wp-content\/uploads\/2019\/07\/p2.jpg)\"><\/div><\/div><div class=\"title\"><div class=\"cell\"><div class=\"h\">Aljosa Rizner<\/div><div class=\"post\">\u0431\u0440\u043e\u043a\u0435\u0440 (\u0421\u043b\u043e\u0432\u0435\u043d\u0438\u0458\u0430)<\/div><\/div><\/div><\/div><div class=\"text\">Na stomatolo\u0161ko ordinacijo D-r Sa\u0161o Stoev me \u0161e danes ve\u017eejo lepi spomini. Pomo\u010d sem potreboval v \u010dasu svojega dopustovanja. Priznam, da sem bil sprva malce v dvomih. A skrb je bila odve\u010d. Odli\u010dnost, strokovnost, prijaznost.Besede, ki povedo vse o ordinaciji in njenem osebju.<\/div><\/div><div class=\"testimonial-item\"><div class=\"top\"><div class=\"image\"><div style=\"background-image: url(https:\/\/drsasostoev.com\/wp-content\/uploads\/2019\/07\/p3.jpg)\"><\/div><\/div><div class=\"title\"><div class=\"cell\"><div class=\"h\">Michael Close<\/div><div class=\"post\">artist (Canada)<\/div><\/div><\/div><\/div><div class=\"text\">Art and dentistry have a common goal to make people happy. We experienced that during one of our visits in Ohrid, Macedonia. We were lucky to visit dental center ``D-r Sasho Stoev`` . We were very impressed: wonderful modern space decorated with nice colors and the best feeling was when we were greeted by D-r Sasho who welcomed us from the heart and professionally and that is the way he did the treatments for which we were there with the family, from the heart and professionally! With wonderful people to a great smile!<\/div><\/div><div class=\"testimonial-item\"><div class=\"top\"><div class=\"image\"><div style=\"background-image: url(https:\/\/drsasostoev.com\/wp-content\/uploads\/2019\/07\/p4.jpg)\"><\/div><\/div><div class=\"title\"><div class=\"cell\"><div class=\"h\">Aleksandra Dzamtoska<\/div><div class=\"post\">coach of a handball team Metalurg Ohrid<\/div><\/div><\/div><\/div><div class=\"text\">For more than two years me and my husband are patients in the dental center ``D-r Sahso Stoev`` and we are more than satisfied from the quality and the relationship with the staff. We are so grateful to D-r Sasho Stoev because with his help we are finally overcome the fear of dentists \ud83d\ude42<br \/>\nWe wish long years of successful work and pleased patients!<\/div><\/div><\/div>[vc_custom_heading text=&#8221;Our Latest News&#8221; font_container=&#8221;tag:h3|text_align:left&#8221; use_theme_fonts=&#8221;yes&#8221; decor_line=&#8221;on&#8221; css=&#8221;.vc_custom_1565343825379{margin-top: 50px !important;}&#8221;]<div class=\"blog-items row blog-type-grid blog-5a16b4f1723d4 \"><article class=\"blog-item category-events with-image col-xs-12 col-sm-4\"><div class=\"wrap\"><div class=\"img\"><a href=\"https:\/\/drsasostoev.com\/?p=842\" style=\"background-image: url(https:\/\/drsasostoev.com\/wp-content\/uploads\/2019\/07\/29572980_556567764729940_2047454088921368902_n.jpg);\"><\/a><\/div><div class=\"content\"><h4><a href=\"https:\/\/drsasostoev.com\/?p=842\">World Day of Oral Health<\/a><\/h4><div class=\"date\">March 20, 2018<\/div><div class=\"text\">\nOn the 20th of March, the World Day of Oral Health, Dental Clinic \"Dr. Sasho Stoev\", an educational workshop was organized with t...<\/div><a class=\"read-more-link\" href=\"https:\/\/drsasostoev.com\/?p=842\">read more<\/a><\/div><\/div><\/article><article class=\"blog-item category-events with-image col-xs-12 col-sm-4\"><div class=\"wrap\"><div class=\"img\"><a href=\"https:\/\/drsasostoev.com\/?p=852\" style=\"background-image: url(https:\/\/drsasostoev.com\/wp-content\/uploads\/2019\/07\/43580142_687277404992308_4013741285658591232_n.jpg);\"><\/a><\/div><div class=\"content\"><h4><a href=\"https:\/\/drsasostoev.com\/?p=852\">&quot;Smiling and Singing&quot; celebrated the 15th birthday of the children&#039;s festival &quot;Potocinja&quot;<\/a><\/h4><div class=\"date\">October 8, 2018<\/div><div class=\"text\">\nOn the 8th of October 2018, under the motto \"Smiling and Singing\" Dental Practice, Dr. Sasho Stoev, was a sponsored of the renown...<\/div><a class=\"read-more-link\" href=\"https:\/\/drsasostoev.com\/?p=852\">read more<\/a><\/div><\/div><\/article><article class=\"blog-item category-events with-image col-xs-12 col-sm-4\"><div class=\"wrap\"><div class=\"img\"><a href=\"https:\/\/drsasostoev.com\/?p=826\" style=\"background-image: url(https:\/\/drsasostoev.com\/wp-content\/uploads\/2019\/07\/48428879_732218890498159_8018798211869179904_n.jpg);\"><\/a><\/div><div class=\"content\"><h4><a href=\"https:\/\/drsasostoev.com\/?p=826\">&quot;Holiday Smiles and Unforgettable Memories&quot; - New Year&#039;s award photo contest<\/a><\/h4><div class=\"date\">December 19, 2018<\/div><div class=\"text\">\nOn the occasion of the New Year's holidays, the Dental Office \"Dr. Sasho Stoev\" in cooperation with the Love &amp; Life studio or...<\/div><a class=\"read-more-link\" href=\"https:\/\/drsasostoev.com\/?p=826\">read more<\/a><\/div><\/div><\/article><\/div>[\/vc_column][\/vc_row][vc_row full_width=&#8221;stretch_row_content&#8221; parallax=&#8221;content-moving&#8221; parallax_image=&#8221;722&#8243; parallax_speed_bg=&#8221;2&#8243; css_animation=&#8221;fadeInUp&#8221; background_position=&#8221;center center&#8221; css=&#8221;.vc_custom_1563355416046{padding-top: 25px !important;background-position: 0 0;background-repeat:-repeat;}&#8221;][vc_column][vc_custom_heading text=&#8221;Book an Appointment&#8221; font_container=&#8221;tag:h3|text_align:left|color:%23ffffff&#8221; use_theme_fonts=&#8221;yes&#8221; decor_line=&#8221;on&#8221;][vc_column_text]\n<div class=\"wpcf7 no-js\" id=\"wpcf7-f187-o1\" lang=\"en-US\" dir=\"ltr\">\n<div class=\"screen-reader-response\"><p role=\"status\" aria-live=\"polite\" aria-atomic=\"true\"><\/p> <ul><\/ul><\/div>\n<form action=\"\/index.php?rest_route=%2Fwp%2Fv2%2Fpages%2F166#wpcf7-f187-o1\" method=\"post\" class=\"wpcf7-form init\" aria-label=\"Contact form\" novalidate=\"novalidate\" data-status=\"init\">\n<div style=\"display: none;\">\n<input type=\"hidden\" name=\"_wpcf7\" value=\"187\" \/>\n<input type=\"hidden\" name=\"_wpcf7_version\" value=\"5.7.4\" \/>\n<input type=\"hidden\" name=\"_wpcf7_locale\" value=\"en_US\" \/>\n<input type=\"hidden\" name=\"_wpcf7_unit_tag\" value=\"wpcf7-f187-o1\" \/>\n<input type=\"hidden\" name=\"_wpcf7_container_post\" value=\"0\" \/>\n<input type=\"hidden\" name=\"_wpcf7_posted_data_hash\" value=\"\" \/>\n<input type=\"hidden\" name=\"_wpcf7_recaptcha_response\" value=\"\" \/>\n<\/div>\n<div class=\"form-b row\">\n\t<div class=\"col-xs-12 col-sm-6 col-md-4\">\n\t\t<p><span class=\"wpcf7-form-control-wrap\" data-name=\"f-name\"><input size=\"40\" class=\"wpcf7-form-control wpcf7-text style1\" aria-invalid=\"false\" placeholder=\"Name\" value=\"\" type=\"text\" name=\"f-name\" \/><\/span><span class=\"wpcf7-form-control-wrap\" data-name=\"f-phone\"><input size=\"40\" class=\"wpcf7-form-control wpcf7-text style1\" aria-invalid=\"false\" placeholder=\"Phone\" value=\"\" type=\"text\" name=\"f-phone\" \/><\/span>\n\t\t<\/p>\n\t<\/div>\n\t<div class=\"col-xs-12 col-sm-6 col-md-4\">\n\t\t<p><span class=\"wpcf7-form-control-wrap\" data-name=\"f-mail\"><input size=\"40\" class=\"wpcf7-form-control wpcf7-text style1\" aria-invalid=\"false\" placeholder=\"E-Mail\" value=\"\" type=\"text\" name=\"f-mail\" \/><\/span><span class=\"wpcf7-form-control-wrap\" data-name=\"f-date\"><input size=\"40\" class=\"wpcf7-form-control wpcf7-text style1 date\" aria-invalid=\"false\" placeholder=\"Date\" value=\"\" type=\"text\" name=\"f-date\" \/><\/span>\n\t\t<\/p>\n\t<\/div>\n\t<div class=\"col-xs-12 col-md-4\">\n\t\t<p><span class=\"wpcf7-form-control-wrap\" data-name=\"f-text\"><textarea cols=\"40\" rows=\"5\" class=\"wpcf7-form-control wpcf7-textarea style1\" aria-invalid=\"false\" placeholder=\"Additional Message\" name=\"f-text\"><\/textarea><\/span><input class=\"wpcf7-form-control has-spinner wpcf7-submit button-style1\" type=\"submit\" value=\"make an appointment\" \/>\n\t\t<\/p>\n\t<\/div>\n<\/div><div class=\"wpcf7-response-output\" aria-hidden=\"true\"><\/div>\n<\/form>\n<\/div>\n[\/vc_column_text][\/vc_column][\/vc_row][vc_row full_width=&#8221;stretch_row_content_no_spaces&#8221; css=&#8221;.vc_custom_1511436651771{padding-top: 0px !important;padding-bottom: 0px !important;background-color: #51c2cd !important;}&#8221; custom_text_color=&#8221;#ffffff&#8221;][vc_column css=&#8221;.vc_custom_1519116460690{padding-top: 20px !important;}&#8221;][vc_icon icon_fontawesome=&#8221;bold-outline-medical-elements-ambulance&#8221; color=&#8221;white&#8221; css_animation=&#8221;fadeInLeft&#8221; size=&#8221;lg&#8221; align=&#8221;center&#8221; css=&#8221;.vc_custom_1519116454307{margin-bottom: -10px !important;}&#8221;][vc_column_text css_animation=&#8221;fadeInRight&#8221; css=&#8221;.vc_custom_1565342246683{margin-bottom: 20px !important;}&#8221;]<\/p>\n<p style=\"text-align: center; margin-bottom: 0;\"><span style=\"font-size: 16px; font-weight: 600;\">Schedule your appointment at<\/span><\/p>\n<p style=\"text-align: center; margin-top: 0;\"><span style=\"font-weight: 500; font-size: 36px;\">+389-70-307-262<\/span><\/p>\n<p>[\/vc_column_text][\/vc_column][\/vc_row]<\/p>\n","protected":false},"excerpt":{"rendered":"<p>[vc_row full_width=&#8221;stretch_row_content_no_spaces&#8221;][vc_column][\/vc_column][\/vc_row][vc_row css_animation=&#8221;none&#8221;][vc_column][\/vc_column][\/vc_row][vc_row css_animation=&#8221;fadeInRight&#8221; css=&#8221;.vc_custom_1512138730715{padding-top: 40px !important;}&#8221;][vc_column css_animation=&#8221;fadeInLeft&#8221; width=&#8221;1\/3&#8243;][vc_column_text][\/vc_column_text][\/vc_column][vc_column width=&#8221;2\/3&#8243;][vc_custom_heading text=&#8221;Dental center D-r Sasho Stoev&#8221; font_container=&#8221;tag:h2|text_align:left|line_height:1.167em&#8221; use_theme_fonts=&#8221;yes&#8221; decor_line=&#8221;on&#8221;][vc_column_text css=&#8221;.vc_custom_1565343667459{margin-bottom: 0px !important;}&#8221;]We are a caring, compassionate team who always put our patients\u2019 best interests first. When you enter our practice, you will receive a warm welcome and can feel at ease in our relaxing atmosphere.[\/vc_column_text][vc_row_inner][vc_column_inner width=&#8221;1\/2&#8243;][vc_column_text [&hellip;]<\/p>\n","protected":false},"author":2,"featured_media":0,"parent":0,"menu_order":0,"comment_status":"closed","ping_status":"closed","template":"template-landing.php","meta":[],"acf":[],"_links":{"self":[{"href":"https:\/\/drsasostoev.com\/index.php?rest_route=\/wp\/v2\/pages\/166"}],"collection":[{"href":"https:\/\/drsasostoev.com\/index.php?rest_route=\/wp\/v2\/pages"}],"about":[{"href":"https:\/\/drsasostoev.com\/index.php?rest_route=\/wp\/v2\/types\/page"}],"author":[{"embeddable":true,"href":"https:\/\/drsasostoev.com\/index.php?rest_route=\/wp\/v2\/users\/2"}],"replies":[{"embeddable":true,"href":"https:\/\/drsasostoev.com\/index.php?rest_route=%2Fwp%2Fv2%2Fcomments&post=166"}],"version-history":[{"count":34,"href":"https:\/\/drsasostoev.com\/index.php?rest_route=\/wp\/v2\/pages\/166\/revisions"}],"predecessor-version":[{"id":1223,"href":"https:\/\/drsasostoev.com\/index.php?rest_route=\/wp\/v2\/pages\/166\/revisions\/1223"}],"wp:attachment":[{"href":"https:\/\/drsasostoev.com\/index.php?rest_route=%2Fwp%2Fv2%2Fmedia&parent=166"}],"curies":[{"name":"wp","href":"https:\/\/api.w.org\/{rel}","templated":true}]}}